{"id":81,"date":"2017-04-27T14:07:20","date_gmt":"2017-04-27T12:07:20","guid":{"rendered":"http:\/\/www.studiozef.fr\/feuillesvives\/?page_id=81"},"modified":"2019-06-23T18:42:46","modified_gmt":"2019-06-23T16:42:46","slug":"accueil","status":"publish","type":"page","link":"https:\/\/www.studiozef.fr\/feuillesvives\/","title":{"rendered":"Accueil"},"content":{"rendered":"<p>[et_pb_section fb_built=\u00a0\u00bb1&Prime; admin_label=\u00a0\u00bbsection\u00a0\u00bb _builder_version=\u00a0\u00bb3.22.3&Prime;][et_pb_row _builder_version=\u00a0\u00bb3.22.3&Prime; background_size=\u00a0\u00bbinitial\u00a0\u00bb background_position=\u00a0\u00bbtop_left\u00a0\u00bb background_repeat=\u00a0\u00bbrepeat\u00a0\u00bb][et_pb_column type=\u00a0\u00bb3_4&Prime; _builder_version=\u00a0\u00bb3.0.47&Prime;][et_pb_blog fullwidth=\u00a0\u00bboff\u00a0\u00bb posts_number=\u00a0\u00bb6&Prime; include_categories=\u00a0\u00bb5,7,1&Prime; show_comments=\u00a0\u00bbon\u00a0\u00bb _builder_version=\u00a0\u00bb3.0.94&Prime; border_style=\u00a0\u00bbsolid\u00a0\u00bb use_dropshadow=\u00a0\u00bboff\u00a0\u00bb][\/et_pb_blog][\/et_pb_column][et_pb_column type=\u00a0\u00bb1_4&Prime; _builder_version=\u00a0\u00bb3.0.47&Prime;][et_pb_text admin_label=\u00a0\u00bbTexte\u00a0\u00bb _builder_version=\u00a0\u00bb3.24.1&Prime; background_size=\u00a0\u00bbinitial\u00a0\u00bb background_position=\u00a0\u00bbtop_left\u00a0\u00bb background_repeat=\u00a0\u00bbrepeat\u00a0\u00bb module_alignment=\u00a0\u00bbleft\u00a0\u00bb border_style=\u00a0\u00bbsolid\u00a0\u00bb]<\/p>\n<h4 style=\"color: #26900c; text-align: center;\"><strong>Feuilles vives, l&rsquo;\u00e9mission de reportages entre ville et campagne<\/strong><\/h4>\n<p>&nbsp;<\/p>\n<p><img loading=\"lazy\" decoding=\"async\" class=\"wp-image-1387 aligncenter \" src=\"http:\/\/www.studiozef.fr\/feuillesvives\/wp-content\/uploads\/2019\/06\/Logo_INSA_ENP2-300x219.jpg\" alt=\"\" width=\"153\" height=\"112\" srcset=\"https:\/\/www.studiozef.fr\/feuillesvives\/wp-content\/uploads\/2019\/06\/Logo_INSA_ENP2-300x219.jpg 300w, https:\/\/www.studiozef.fr\/feuillesvives\/wp-content\/uploads\/2019\/06\/Logo_INSA_ENP2-768x562.jpg 768w, https:\/\/www.studiozef.fr\/feuillesvives\/wp-content\/uploads\/2019\/06\/Logo_INSA_ENP2-1024x749.jpg 1024w, https:\/\/www.studiozef.fr\/feuillesvives\/wp-content\/uploads\/2019\/06\/Logo_INSA_ENP2-1080x790.jpg 1080w, https:\/\/www.studiozef.fr\/feuillesvives\/wp-content\/uploads\/2019\/06\/Logo_INSA_ENP2.jpg 1887w\" sizes=\"(max-width: 153px) 100vw, 153px\" \/><\/p>\n<p>&nbsp;<\/p>\n<h4><a href=\"http:\/\/www.studiozef.fr\" target=\"_blank\" rel=\"noopener noreferrer\"><img loading=\"lazy\" decoding=\"async\" class=\"aligncenter size-thumbnail wp-image-612\" src=\"http:\/\/www.studiozef.fr\/feuillesvives\/wp-content\/uploads\/2017\/10\/Studio-Zef-OCCE-150x150.png\" alt=\"\" width=\"150\" height=\"150\" \/><\/a><\/h4>\n<h4 style=\"color: #26900c; text-align: center;\"><a href=\"https:\/\/www.radiobeton.com\/www\/\" target=\"_blank\" rel=\"noopener noreferrer\">\u00e9galement diffus\u00e9 sur<img loading=\"lazy\" decoding=\"async\" class=\"aligncenter size-thumbnail wp-image-616\" src=\"http:\/\/www.studiozef.fr\/feuillesvives\/wp-content\/uploads\/2017\/04\/Radio-B\u00e9ton-150x150.png\" alt=\"\" width=\"150\" height=\"150\" srcset=\"https:\/\/www.studiozef.fr\/feuillesvives\/wp-content\/uploads\/2017\/04\/Radio-B\u00e9ton-150x150.png 150w, https:\/\/www.studiozef.fr\/feuillesvives\/wp-content\/uploads\/2017\/04\/Radio-B\u00e9ton-300x300.png 300w, https:\/\/www.studiozef.fr\/feuillesvives\/wp-content\/uploads\/2017\/04\/Radio-B\u00e9ton.png 418w\" sizes=\"(max-width: 150px) 100vw, 150px\" \/><\/a><\/h4>\n<p>[\/et_pb_text][\/et_pb_column][\/et_pb_row][et_pb_row _builder_version=\u00a0\u00bb3.22.3&Prime; background_size=\u00a0\u00bbinitial\u00a0\u00bb background_position=\u00a0\u00bbtop_left\u00a0\u00bb background_repeat=\u00a0\u00bbrepeat\u00a0\u00bb][et_pb_column type=\u00a0\u00bb4_4&Prime; _builder_version=\u00a0\u00bb3.0.47&Prime;][et_pb_text _builder_version=\u00a0\u00bb3.0.87&Prime; background_size=\u00a0\u00bbinitial\u00a0\u00bb background_position=\u00a0\u00bbtop_left\u00a0\u00bb background_repeat=\u00a0\u00bbrepeat\u00a0\u00bb module_alignment=\u00a0\u00bbleft\u00a0\u00bb border_style=\u00a0\u00bbsolid\u00a0\u00bb]<strong>Le projet : une radio locale au c\u0153ur des rapports ville-campagne<\/strong><\/p>\n<p>Feuilles vives : les reportages qui interrogent le territoire, tous les vendredis \u00e0 13 heures, sur Studio Zef. Imagin\u00e9e avec l\u2019\u00c9cole de la Nature et du Paysage de Blois, cette \u00e9mission tr\u00e8s locale explore les relations ville-campagne, interroge le laboratoire de la ville diffuse et des franges habit\u00e9es.<\/p>\n<p>Agriculture, culture, institutions, am\u00e9nagement du territoire&#8230; Tous ces th\u00e8mes sont porteurs de rapports ville-campagne tant\u00f4t sources de conflits, tant\u00f4t de synergies. Notre but : informer les auditeurs sur les initiatives visant \u00e0 rapprocher, ou se situant au carrefour des mondes urbain et rural.<\/p>\n<p>Nos \u00e9missions couvrent le territoire du Groupe d&rsquo;action local Val de Loire-Chambord (Communaut\u00e9 d&rsquo;agglom\u00e9ration de Blois, Communaut\u00e9s de communes de Beauce-Val de Loire et du Grand Chambord). Un territoire que nous parcourrons en votre compagnie au cours des prochains mois, \u00e0 la d\u00e9couverte des acteurs qui le font vivre.<\/p>\n<p>Co\u00fbt total du projet : 47.230 \u20ac. Dont aide europ\u00e9enne : 22.011 \u20ac. Dont aide r\u00e9gionale 19.950 \u20ac.<\/p>\n<p><em>Cette op\u00e9ration est cofinanc\u00e9e par l&rsquo;Union europ\u00e9enne. L&rsquo;Europe investit dans les zones rurales.<\/em><br \/>\n[\/et_pb_text][\/et_pb_column][\/et_pb_row][\/et_pb_section]<\/p>\n","protected":false},"excerpt":{"rendered":"<p>Feuilles vives, l&rsquo;\u00e9mission de reportages entre ville et campagne &nbsp; &nbsp; \u00e9galement diffus\u00e9 sur Le projet : une radio locale au c\u0153ur des rapports ville-campagne Feuilles vives : les reportages qui interrogent le territoire, tous les vendredis \u00e0 13 heures, sur Studio Zef. Imagin\u00e9e avec l\u2019\u00c9cole de la Nature et du Paysage de Blois, cette [&hellip;]<\/p>\n","protected":false},"author":2,"featured_media":0,"parent":0,"menu_order":0,"comment_status":"closed","ping_status":"closed","template":"","meta":{"_et_pb_use_builder":"on","_et_pb_old_content":"","_et_gb_content_width":"","footnotes":""},"_links":{"self":[{"href":"https:\/\/www.studiozef.fr\/feuillesvives\/wp-json\/wp\/v2\/pages\/81"}],"collection":[{"href":"https:\/\/www.studiozef.fr\/feuillesvives\/wp-json\/wp\/v2\/pages"}],"about":[{"href":"https:\/\/www.studiozef.fr\/feuillesvives\/wp-json\/wp\/v2\/types\/page"}],"author":[{"embeddable":true,"href":"https:\/\/www.studiozef.fr\/feuillesvives\/wp-json\/wp\/v2\/users\/2"}],"replies":[{"embeddable":true,"href":"https:\/\/www.studiozef.fr\/feuillesvives\/wp-json\/wp\/v2\/comments?post=81"}],"version-history":[{"count":31,"href":"https:\/\/www.studiozef.fr\/feuillesvives\/wp-json\/wp\/v2\/pages\/81\/revisions"}],"predecessor-version":[{"id":1397,"href":"https:\/\/www.studiozef.fr\/feuillesvives\/wp-json\/wp\/v2\/pages\/81\/revisions\/1397"}],"wp:attachment":[{"href":"https:\/\/www.studiozef.fr\/feuillesvives\/wp-json\/wp\/v2\/media?parent=81"}],"curies":[{"name":"wp","href":"https:\/\/api.w.org\/{rel}","templated":true}]}}